{"id":15870,"date":"2023-01-20T06:15:15","date_gmt":"2023-01-20T06:15:15","guid":{"rendered":"https:\/\/saric.com.hr\/?page_id=15870"},"modified":"2023-01-21T06:03:02","modified_gmt":"2023-01-21T06:03:02","slug":"pravila-privatnosti","status":"publish","type":"page","link":"https:\/\/saric.com.hr\/?page_id=15870","title":{"rendered":"Pravila privatnosti"},"content":{"rendered":"\t\t<div data-elementor-type=\"wp-page\" data-elementor-id=\"15870\" class=\"elementor elementor-15870\">\n\t\t\t\t\t\t<section class=\"elementor-section elementor-top-section elementor-element elementor-element-92c40b0 elementor-section-boxed elementor-section-height-default elementor-section-height-default parallax_section_no qode_elementor_container_no\" data-id=\"92c40b0\" data-element_type=\"section\" data-e-type=\"section\">\n\t\t\t\t\t\t<div class=\"elementor-container elementor-column-gap-default\">\n\t\t\t\t\t<div class=\"elementor-column elementor-col-100 elementor-top-column elementor-element elementor-element-e6d8e57\" data-id=\"e6d8e57\" data-element_type=\"column\" data-e-type=\"column\">\n\t\t\t<div class=\"elementor-widget-wrap elementor-element-populated\">\n\t\t\t\t\t\t<div class=\"elementor-element elementor-element-d2fac14 elementor-widget elementor-widget-text-editor\" data-id=\"d2fac14\" data-element_type=\"widget\" data-e-type=\"widget\" data-widget_type=\"text-editor.default\">\n\t\t\t\t<div class=\"elementor-widget-container\">\n\t\t\t\t\t\t\t\t\t<p>Ovom izjavom se obvezujemo da \u0107emo za\u0161tititi privatnost korisnika, kupaca i posjetitelja na\u0161e web stranice i sigurnost osobnih podataka koje nam pru\u017eaju putem web stranice.<\/p><p><br \/>Ova obavijest opisuje vrstu informacija koje mo\u017eemo prikupiti od vas kada posjetite na\u0161u web stranicu i obja\u0161njava kako upotrebljavamo te podatke i korake koje poduzimamo da bismo ih za\u0161titili. Obavijest tako\u0111er opisuje izbore koje imate u vezi s prikupljanjem i kori\u0161tenjem va\u0161ih podataka prilikom posjete na\u0161oj web stranici.<\/p><p><br \/>Koje informacije prikupljamo o vama i kako ih koristimo?<br \/>Op\u0107enito, mo\u017eete posjetiti na\u0161u web stranicu bez otkrivanja osobnih podataka o sebi. Ne prikupljamo osobne podatke o vama (kao \u0161to su va\u0161e ime i pojedinosti o kontaktu) kada posjetite ovu web stranicu, osim ako dobrovoljno ne po\u0161aljete podatke pomo\u0107u jednog od dostupnih obrazaca za odre\u0111enu svrhu (kontakt obrazac, registracijski obrazac, obrazac za kupovinu, obrazac za upis na newsletter) i time date va\u0161u privolu na prikupljanje i kori\u0161tenje va\u0161ih osobnih podataka u navedene svrhe. Svi osobni podaci koriste se isklju\u010divo u svrhe radi koje su prikupljeni i za koje je dana privola. Privolu za obradu osobnih podataka mogu dati osobe s navr\u0161enih 16 godina ili vi\u0161e, dok za osobe mla\u0111e od 16 privolu mo\u017ee dati roditelj ili skrbnik. Prikupljene podatke ne\u0107emo ni na koji na\u010din u\u010diniti dostupnima neovla\u0161tenim tre\u0107im osobama, osim u zakonom propisanu svrhu. Svi podaci se bri\u0161u nakon prestanka svrhe za koju su prikupljeni, odnosno prestankom ugovornog odnosa, a najkasnije po isteku svih zakonskih obveza povezanih s \u010duvanjem osobnih podataka.<\/p><p><br \/>Ovdje navodimo dodatne okolnosti u kojima \u0107emo Va\u0161e informacije podijeliti sa ovla\u0161tenim tre\u0107im stranama i dodatne svrhe za koje koristimo Va\u0161e podatke:<\/p><p><br \/><strong>Pru\u017eanje informacija Google Inc.<\/strong><\/p><p><br \/>Google prikuplja informacije putem na\u0161e upotrebe usluge Google Analytics na na\u0161oj web stranici. Google koristi ove informacije, uklju\u010duju\u0107i IP adrese i podatke iz kola\u010di\u0107a, u vi\u0161e svrha, kao \u0161to je pobolj\u0161anje usluge Google Analytics. Informacije se dijele s Googleom na anonimnoj osnovi. Da biste saznali vi\u0161e o tome koje informacije Google prikuplja, kako upotrebljava te informacije i kako kontrolirati informacije poslane Googleu, pogledajte stranicu partnera Googleovih pravila o privatnosti. Mo\u017eete se isklju\u010diti iz usluge Google Analytics tako da instalirate sljede\u0107i dodatak pregledniku:<\/p><p>https:\/\/tools.google.com\/dlpage\/gaoptout<\/p><p><br \/><strong>Ra\u010dunovodstvo<\/strong><\/p><p>Podijelimo podatke s na\u0161im ra\u010dunovo\u0111ama za porezne svrhe. Na primjer, dijelimo fakture koje izdajemo i primamo kod na\u0161ih ra\u010dunovo\u0111a u svrhu popunjavanja poreznih prijava i ra\u010duna na kraju godine.<\/p><p><br \/><strong>Vrste osobnih podataka koji se obra\u0111uju<\/strong><\/p><p><br \/>Osobni podaci koji se prikupljaju temeljem Va\u0161e prijave na newsletter su: e-mail adresa.<\/p><p><br \/>Osobni podaci koji se prikupljaju temeljem registracijskog obrasca i obrasca za kupovinu: ime i prezime, e-mail, adresa, grad i po\u0161tanski broj, dr\u017eava, broj telefona.<\/p><p><br \/>Informacije koje se automatski prikupljaju na na\u0161oj web stranici<\/p><p><br \/>Automatski prikupljamo informacije u log datotekama poslu\u017eitelja, kao \u0161to je va\u0161a IP adresa, vrsta preglednika, stranice za preusmjeravanje \/ izlazak i operativni sustav. Koristimo ove informacije kako bismo upravljali na\u0161im web stranicama i na\u0161im tehni\u010dkim rje\u0161enjima, razumjeli kako se posjetitelji kre\u0107u kroz na\u0161u web stranicu i usluge te da pobolj\u0161amo va\u0161e iskustvo dok koristite na\u0161e web stranice i usluge.<\/p><p><br \/><strong>Pristup i a\u017euriranje va\u0161ih osobnih podataka<\/strong><\/p><p><br \/>Na\u0161 korisnik u svakom trenutku ima sljede\u0107a prava:<\/p><ul><li>pravo na pristup podacima i uvid u podatke<\/li><li>pravo na informiranost o obradi osobnih podataka<\/li><li>pravo na prenosivost podataka<\/li><li>pravo na povla\u010denje privole<\/li><li>pravo na podno\u0161enje prigovora<\/li><li>pravo na ispravak i promjenu osobnih podataka u slu\u010daju ako su podaci nepotpuni ili neto\u010dni<\/li><li>pravo na brisanje u slu\u010dajevima kao \u0161to su prestanak svrhe obrade, povla\u010denje privole ili u slu\u010daju podno\u0161enja prigovora<\/li><\/ul><p>\u00a0<\/p><p>Ako \u017eelite ostvariti neko od navedenih prava, kontaktirajte nas putem kontakt forme na na\u0161oj web stranici. Tako\u0111er nas mo\u017eete konktatirati i telefonom koji je naveden na web stranici ili putem slanja po\u0161te na na\u0161u adresu koja je navedena na web stranici.<\/p><p><br \/><strong>Sigurnost va\u0161ih osobnih podataka<\/strong><\/p><p><br \/>Predani smo poduzimanju odgovaraju\u0107ih tehni\u010dkih i organizacijskih mjera za za\u0161titu va\u0161ih osobnih podataka od neovla\u0161tenog ili nezakonitog postupanja s njima i od njihovog slu\u010dajnog gubitka, uni\u0161tenja ili o\u0161te\u0107enja. Prilikom davanja va\u0161ih osobnih podataka putem na\u0161e web stranice, ove se informacije \u0161alju putem interneta sigurno pomo\u0107u visokokvalitetnih \u0161ifriranja i spremaju na na\u0161e sigurne servere koji se nalaze u EU.<\/p><p>\u00a0<\/p><p>Kola\u010di\u0107 (eng. Cookie) je podatkovna datoteka koja je pohranjena na Va\u0161em ra\u010dunalu, a prikuplja podatke o Va\u0161em kori\u0161tenju web stranice.<\/p><p>\u00a0<\/p><p><strong>KOLA\u010cI\u0106I (ENG. COOKIES)<\/strong> na GIP \u0160ARI\u0106 d.o.o.<\/p><p><br \/>Kola\u010di\u0107i su skup informacija koje u obliku tekstovne datoteke na va\u0161e ra\u010dunalo, tablet ili mobilni telefon sprema internetska stranica ili aplikacija koju koristite. Internetska stranica ili aplikacija mo\u017ee povu\u0107i te kola\u010di\u0107e s va\u0161eg internet preglednika (Internet Explorer, Mozilla Firefox ili Google Crome) svaki put kada ju posjetite kako bi vas prepoznala i prilagodila vam svoj sadr\u017eaj. Op\u0107enito, kola\u010di\u0107i su vrlo korisni i predstavljaju uobi\u010dajenu metodu koju koriste gotovo sve internetske stranice koje posjetite. Radi za\u0161tite, mnoge Internet stranice ne\u0107e uop\u0107e funkcionirati bez upotrebe kola\u010di\u0107a (ili sli\u010dnog rje\u0161enja kao \u0161to su \u201eweb beacons\u201c ili \u201etags\u201c). Kola\u010di\u0107i u pravilu ne sadr\u017ee niti jednu informaciju putem koje bi se moglo identificirati osobu, ali se koriste kako bi se identificirali preglednik ili ra\u010dunalo. Ukoliko \u017eelite, mo\u017eete ograni\u010diti, blokirati ili izbrisati kola\u010di\u0107e promjenom postavki va\u0161eg preglednika, ali bi to moglo rezultirati time da internetska stranica ne\u0107e raditi kako treba ili \u0107e vam pristup odre\u0111enom sadr\u017eaju biti onemogu\u0107en. Pohranu kola\u010di\u0107a (eng. Cookies) mo\u017eete onemogu\u0107iti u svom Internet pretra\u017eiva\u010du u svakom trenutku.<\/p><p>\u00a0<\/p><p>Kola\u010di\u0107 (eng. Cookie) je pasivna datoteka i ne mo\u017ee na Va\u0161e ra\u010dunalo pro\u0161iriti virus ili ostale \u0161tetne programe kao \u0161to su spyware i malware. Njihova osnovna funkcija na saric.com.hr\u00a0je pomo\u0107 u analizi kori\u0161tenja web stranica s ciljem da administrator stranice pobolj\u0161a iskustvo korisnika. U nekim slu\u010dajevima kola\u010di\u0107 (eng. Cookie) je potreban za omogu\u0107avanje pru\u017eanja usluga putem web stranice.<\/p><p>\u00a0<\/p><p>Kola\u010di\u0107i (eng. Cookies) se naj\u010de\u0161\u0107e automatski bri\u0161u iz pretra\u017eiva\u010da pri njegovom zatvaranju (tzv. privremeni kola\u010di\u0107i, eng. Session Cookies). Kola\u010di\u0107i (eng. Cookies) tako\u0111er mogu biti pode\u0161eni uz rok isteka tako da \u0107e se podaci \u010duvati kra\u0107e ili dulje vrijeme (trajni kola\u010di\u0107i, eng. Persistant Cookies). Trajni kola\u010di\u0107i (eng. Persistant Cookies) se naj\u010de\u0161\u0107e spremaju na tvrdi disk. saric.com.hr\u00a0koristi i privremene (eng. Session Cookies i trajne kola\u010di\u0107e (eng. Persistant Cookies) jer su obje vrste potrebne za razli\u010dite analize prometa.<\/p><p>\u00a0<\/p><p>Dodatno, naj\u010de\u0161\u0107e postoji razlika izme\u0111u kola\u010di\u0107a prve strane (eng. First party cookies) i kola\u010di\u0107a tre\u0107e strane (eng. Third partyc ookies). Kola\u010di\u0107i prve strane (eng. First party cookies) pode\u0161ava web stranica koju korisnik posje\u0107uje. Kola\u010di\u0107e tre\u0107e strane (eng. Third party cookies) pode\u0161ava tre\u0107a strana \u010diji element je ugra\u0111en u stranicu koju korisnik posje\u0107uje. Kola\u010di\u0107i tre\u0107e strane (eng. Third party cookies) izme\u0111u ostalog pode\u0161avaju i programi za analizu web stranica. saric.com.hr\u00a0koristi i kola\u010di\u0107e prve strane (eng. First party cookies) i kola\u010di\u0107e tre\u0107e strane (eng. Third party cookies).<\/p><p>\u00a0<\/p><p><strong>SIGURNOST<\/strong><\/p><p><br \/>\u010cinimo sve u na\u0161oj mo\u0107i kako bismo osigurali sigurnost Va\u0161ih osobnih podataka. Ova stranica ima mjere sigurnosti koje \u0161tite od gubitka, zloupotrebe i izmjene podataka nad kojima nemamo kontrolu.<\/p><p>\u00a0<\/p><p>Ako imate pitanja vezana uz ovu Izjavu o privatnosti, rad ove stranice ili uz Va\u0161e poslovanje s nama, slobodno nam se obratite.<\/p><p>\u00a0<\/p><p><strong>PRAVNE NAPOMENE<\/strong><\/p><p><br \/>Kori\u0161tenjem internetske stranice saric.com.hr pristajete na i potvr\u0111ujete da ste upoznati sa uvjetima navedenim u ovom tekstu te prihva\u0107ate koristiti sadr\u017eaj ove internetske stranice isklju\u010divo za osobnu uporabu i na vlastitu odgovornost.<\/p><p>\u00a0<\/p><p>Iako GIP \u0160ARI\u0106 d.o.o. i povezana trgova\u010dka dru\u0161tva nastoje osigurati pravovremenost, to\u010dnost i potpunost informacija objavljenih na navedenoj internetskoj stranici za isto ne odgovaraju pa informacije objavljene na navedenoj internetskoj stranici ne bi trebale predstavljati temelj za dono\u0161enje osobne ili poslovne odluke korisnika za koje odgovara isklju\u010divo korisnik.<\/p><p>\u00a0<\/p><p>Korisnicima navedene internetske stranice strogo je zabranjeno upotrebljavati sadr\u017eaj iste u komercijalne svrhe. Sav na njoj objavljen sadr\u017eaj za\u0161ti\u0107en je autorskim pravima ili pravom vlasni\u0161tva, te je isti strogo zabranjeno kopirati, reproducirati ili distribuirati bez prethodne pisane suglasnosti njihovih nositelja. Nazivi proizvoda predstavljaju \u017eigove koji u\u017eivaju pravnu za\u0161titu u Hrvatskoj i inozemstvu.<\/p><p>\u00a0<\/p><p>GIP \u0160ARI\u0106 d.o.o. i povezana trgova\u010dka dru\u0161tva prikupljaju osobne podatke korisnika ove internetske stranice samo kada ih korisnik sam upi\u0161e ili po\u0161alje putem iste te \u0107e ih koristiti samo za vlastite i potrebe povezanih trgova\u010dkih dru\u0161tava, ne\u0107e ih prodavati ili na bilo koji na\u010din u\u010diniti dostupnim tre\u0107im osobama.<\/p>\t\t\t\t\t\t\t\t<\/div>\n\t\t\t\t<\/div>\n\t\t\t\t\t<\/div>\n\t\t<\/div>\n\t\t\t\t\t<\/div>\n\t\t<\/section>\n\t\t\t\t<\/div>\n\t\t","protected":false},"excerpt":{"rendered":"<p>Ovom izjavom se obvezujemo da \u0107emo za\u0161tititi privatnost korisnika, kupaca i posjetitelja na\u0161e web stranice i sigurnost osobnih podataka koje nam pru\u017eaju putem web stranice. Ova obavijest opisuje vrstu informacija koje mo\u017eemo prikupiti od vas kada posjetite na\u0161u web stranicu i obja\u0161njava kako upotrebljavamo te&#8230;<\/p>\n","protected":false},"author":1,"featured_media":0,"parent":0,"menu_order":0,"comment_status":"closed","ping_status":"closed","template":"","meta":{"footnotes":""},"class_list":["post-15870","page","type-page","status-publish","hentry"],"_links":{"self":[{"href":"https:\/\/saric.com.hr\/index.php?rest_route=\/wp\/v2\/pages\/15870","targetHints":{"allow":["GET"]}}],"collection":[{"href":"https:\/\/saric.com.hr\/index.php?rest_route=\/wp\/v2\/pages"}],"about":[{"href":"https:\/\/saric.com.hr\/index.php?rest_route=\/wp\/v2\/types\/page"}],"author":[{"embeddable":true,"href":"https:\/\/saric.com.hr\/index.php?rest_route=\/wp\/v2\/users\/1"}],"replies":[{"embeddable":true,"href":"https:\/\/saric.com.hr\/index.php?rest_route=%2Fwp%2Fv2%2Fcomments&post=15870"}],"version-history":[{"count":13,"href":"https:\/\/saric.com.hr\/index.php?rest_route=\/wp\/v2\/pages\/15870\/revisions"}],"predecessor-version":[{"id":15965,"href":"https:\/\/saric.com.hr\/index.php?rest_route=\/wp\/v2\/pages\/15870\/revisions\/15965"}],"wp:attachment":[{"href":"https:\/\/saric.com.hr\/index.php?rest_route=%2Fwp%2Fv2%2Fmedia&parent=15870"}],"curies":[{"name":"wp","href":"https:\/\/api.w.org\/{rel}","templated":true}]}}