{"id":153,"date":"2020-06-17T11:51:36","date_gmt":"2020-06-17T11:51:36","guid":{"rendered":"https:\/\/bridge375.qodeinteractive.com\/?page_id=153"},"modified":"2023-01-20T14:39:29","modified_gmt":"2023-01-20T14:39:29","slug":"o-nama","status":"publish","type":"page","link":"https:\/\/saric.com.hr\/?page_id=153","title":{"rendered":"O nama"},"content":{"rendered":"\t\t<div data-elementor-type=\"wp-page\" data-elementor-id=\"153\" class=\"elementor elementor-153\">\n\t\t\t\t\t\t<section class=\"elementor-section elementor-top-section elementor-element elementor-element-233d0d41 elementor-section-full_width qode_elementor_container_inner elementor-section-height-default elementor-section-height-default parallax_section_no\" data-id=\"233d0d41\" data-element_type=\"section\" data-e-type=\"section\">\n\t\t\t\t\t\t<div class=\"elementor-container elementor-column-gap-no\">\n\t\t\t\t\t<div class=\"elementor-column elementor-col-50 elementor-top-column elementor-element elementor-element-c1573a7\" data-id=\"c1573a7\" data-element_type=\"column\" data-e-type=\"column\">\n\t\t\t<div class=\"elementor-widget-wrap elementor-element-populated\">\n\t\t\t\t\t\t<div class=\"elementor-element elementor-element-3321e3ac elementor-widget elementor-widget-image\" data-id=\"3321e3ac\" data-element_type=\"widget\" data-e-type=\"widget\" data-widget_type=\"image.default\">\n\t\t\t\t<div class=\"elementor-widget-container\">\n\t\t\t\t\t\t\t\t\t\t\t\t\t\t\t<img fetchpriority=\"high\" decoding=\"async\" width=\"1200\" height=\"877\" src=\"https:\/\/saric.com.hr\/wp-content\/uploads\/2023\/01\/geodezija.jpg\" class=\"attachment-full size-full wp-image-15854\" alt=\"\" srcset=\"https:\/\/saric.com.hr\/wp-content\/uploads\/2023\/01\/geodezija.jpg 1200w, https:\/\/saric.com.hr\/wp-content\/uploads\/2023\/01\/geodezija-300x219.jpg 300w, https:\/\/saric.com.hr\/wp-content\/uploads\/2023\/01\/geodezija-1024x748.jpg 1024w, https:\/\/saric.com.hr\/wp-content\/uploads\/2023\/01\/geodezija-768x561.jpg 768w, https:\/\/saric.com.hr\/wp-content\/uploads\/2023\/01\/geodezija-700x512.jpg 700w, https:\/\/saric.com.hr\/wp-content\/uploads\/2023\/01\/geodezija-600x439.jpg 600w\" sizes=\"(max-width: 1200px) 100vw, 1200px\" \/>\t\t\t\t\t\t\t\t\t\t\t\t\t\t\t<\/div>\n\t\t\t\t<\/div>\n\t\t\t\t\t<\/div>\n\t\t<\/div>\n\t\t\t\t<div class=\"elementor-column elementor-col-50 elementor-top-column elementor-element elementor-element-1ef4990c\" data-id=\"1ef4990c\" data-element_type=\"column\" data-e-type=\"column\">\n\t\t\t<div class=\"elementor-widget-wrap elementor-element-populated\">\n\t\t\t\t\t\t<div class=\"elementor-element elementor-element-114a503b elementor-widget elementor-widget-text-editor\" data-id=\"114a503b\" data-element_type=\"widget\" data-e-type=\"widget\" data-widget_type=\"text-editor.default\">\n\t\t\t\t<div class=\"elementor-widget-container\">\n\t\t\t\t\t\t\t\t\t<h6>o nama<\/h6>\t\t\t\t\t\t\t\t<\/div>\n\t\t\t\t<\/div>\n\t\t\t\t<div class=\"elementor-element elementor-element-39493df5 elementor-widget elementor-widget-text-editor\" data-id=\"39493df5\" data-element_type=\"widget\" data-e-type=\"widget\" data-widget_type=\"text-editor.default\">\n\t\t\t\t<div class=\"elementor-widget-container\">\n\t\t\t\t\t\t\t\t\t<h1>gip \u0161ari\u0107<\/h1>\t\t\t\t\t\t\t\t<\/div>\n\t\t\t\t<\/div>\n\t\t\t\t<div class=\"elementor-element elementor-element-4855a71e elementor-widget elementor-widget-text-editor\" data-id=\"4855a71e\" data-element_type=\"widget\" data-e-type=\"widget\" data-widget_type=\"text-editor.default\">\n\t\t\t\t<div class=\"elementor-widget-container\">\n\t\t\t\t\t\t\t\t\t<p>Tvrtka GiP \u0160ARI\u0106 d.o.o. bavi se geodezijom i gra\u0111evinarstvom.<\/p><p>\u00a0<\/p><p>Profesionalno i savjesno radimo prikupljanje, obrada i prikazivanje podataka geodetskim metodama, izrada svih vrsta (arhitektonski, gra\u0111evinski, elektroinstalaterski, strojarski i drugi) i razina (idejni glavni, izvedbeni) projekata, stru\u010dni i projektantski nadzor nad gradnjom, tehni\u010dko svajetovanje i vo\u0111enje projekata.<\/p>\t\t\t\t\t\t\t\t<\/div>\n\t\t\t\t<\/div>\n\t\t\t\t\t<\/div>\n\t\t<\/div>\n\t\t\t\t\t<\/div>\n\t\t<\/section>\n\t\t\t\t<section class=\"elementor-section elementor-top-section elementor-element elementor-element-577ab4e elementor-section-boxed elementor-section-height-default elementor-section-height-default parallax_section_no qode_elementor_container_no\" data-id=\"577ab4e\" data-element_type=\"section\" data-e-type=\"section\">\n\t\t\t\t\t\t<div class=\"elementor-container elementor-column-gap-default\">\n\t\t\t\t\t<div class=\"elementor-column elementor-col-100 elementor-top-column elementor-element elementor-element-d85fffe\" data-id=\"d85fffe\" data-element_type=\"column\" data-e-type=\"column\">\n\t\t\t<div class=\"elementor-widget-wrap elementor-element-populated\">\n\t\t\t\t\t\t<div class=\"elementor-element elementor-element-d1bd44b elementor-widget elementor-widget-text-editor\" data-id=\"d1bd44b\" data-element_type=\"widget\" data-e-type=\"widget\" data-widget_type=\"text-editor.default\">\n\t\t\t\t<div class=\"elementor-widget-container\">\n\t\t\t\t\t\t\t\t\t<p>Pokrivamo cijeli spektar geodetskih i gra\u0111evinskih usluga te nudimo anga\u017eirane i motivirane ljude koji su u stanju s lako\u0107om odraditi i najkompleksnije stru\u010dne poslove. U suradnji s na\u0161im partnerima omogu\u0107ujemo izradu svih vrsta i razina kompletne projektne dokumentacije do isho\u0111enja dozvola.<\/p><p>\u00a0<\/p><p>Poslujemo sukladno propisima i imamo suglasnost Dr\u017eavne geodetske uprave za obavljanje poslova dr\u017eavne izmjere i katastra nekretnina te ovla\u0161tenje Hrvatske komore ovla\u0161tenih in\u017eenjera geodezije i Hrvatske komore ovla\u0161tenih in\u017eenjera gra\u0111evinarstva.<\/p><p>Na\u0161im klijentima pru\u017eamo usluge po\u0161tuju\u0107i visoke standarde kvalitete dok kroz profesionalni pristup u radu razvijamo odnos ispunjen me\u0111usobnim povjerenjem i zadovoljstvom.<\/p><p>Svi na\u0161 i zaposlenici imaju dugogodi\u0161nje iskustvo u radu.<\/p>\t\t\t\t\t\t\t\t<\/div>\n\t\t\t\t<\/div>\n\t\t\t\t\t<\/div>\n\t\t<\/div>\n\t\t\t\t\t<\/div>\n\t\t<\/section>\n\t\t\t\t<section class=\"elementor-section elementor-top-section elementor-element elementor-element-5814942d elementor-section-full_width qode_elementor_container_inner elementor-section-height-default elementor-section-height-default parallax_section_no\" data-id=\"5814942d\" data-element_type=\"section\" data-e-type=\"section\">\n\t\t\t\t\t\t<div class=\"elementor-container elementor-column-gap-no\">\n\t\t\t\t\t<div class=\"elementor-column elementor-col-25 elementor-top-column elementor-element elementor-element-71aeffae\" data-id=\"71aeffae\" data-element_type=\"column\" data-e-type=\"column\">\n\t\t\t<div class=\"elementor-widget-wrap elementor-element-populated\">\n\t\t\t\t\t\t<div class=\"elementor-element elementor-element-16189f8 elementor-widget elementor-widget-counter\" data-id=\"16189f8\" data-element_type=\"widget\" data-e-type=\"widget\" data-widget_type=\"counter.default\">\n\t\t\t\t<div class=\"elementor-widget-container\">\n\t\t\t\t\t\t\t<div class=\"elementor-counter\">\n\t\t\t<div class=\"elementor-counter-title\">Odli\u010dan broj<\/div>\t\t\t<div class=\"elementor-counter-number-wrapper\">\n\t\t\t\t<span class=\"elementor-counter-number-prefix\"><\/span>\n\t\t\t\t<span class=\"elementor-counter-number\" data-duration=\"2000\" data-to-value=\"100\" data-from-value=\"0\" data-delimiter=\",\">0<\/span>\n\t\t\t\t<span class=\"elementor-counter-number-suffix\"><\/span>\n\t\t\t<\/div>\n\t\t<\/div>\n\t\t\t\t\t\t<\/div>\n\t\t\t\t<\/div>\n\t\t\t\t\t<\/div>\n\t\t<\/div>\n\t\t\t\t<div class=\"elementor-column elementor-col-25 elementor-top-column elementor-element elementor-element-12644b5b\" data-id=\"12644b5b\" data-element_type=\"column\" data-e-type=\"column\">\n\t\t\t<div class=\"elementor-widget-wrap elementor-element-populated\">\n\t\t\t\t\t\t<div class=\"elementor-element elementor-element-0e20867 elementor-widget elementor-widget-counter\" data-id=\"0e20867\" data-element_type=\"widget\" data-e-type=\"widget\" data-widget_type=\"counter.default\">\n\t\t\t\t<div class=\"elementor-widget-container\">\n\t\t\t\t\t\t\t<div class=\"elementor-counter\">\n\t\t\t<div class=\"elementor-counter-title\">Odli\u010dan broj<\/div>\t\t\t<div class=\"elementor-counter-number-wrapper\">\n\t\t\t\t<span class=\"elementor-counter-number-prefix\"><\/span>\n\t\t\t\t<span class=\"elementor-counter-number\" data-duration=\"2000\" data-to-value=\"100\" data-from-value=\"0\" data-delimiter=\",\">0<\/span>\n\t\t\t\t<span class=\"elementor-counter-number-suffix\"><\/span>\n\t\t\t<\/div>\n\t\t<\/div>\n\t\t\t\t\t\t<\/div>\n\t\t\t\t<\/div>\n\t\t\t\t\t<\/div>\n\t\t<\/div>\n\t\t\t\t<div class=\"elementor-column elementor-col-25 elementor-top-column elementor-element elementor-element-3768464a\" data-id=\"3768464a\" data-element_type=\"column\" data-e-type=\"column\">\n\t\t\t<div class=\"elementor-widget-wrap elementor-element-populated\">\n\t\t\t\t\t\t<div class=\"elementor-element elementor-element-a1c785b elementor-widget elementor-widget-counter\" data-id=\"a1c785b\" data-element_type=\"widget\" data-e-type=\"widget\" data-widget_type=\"counter.default\">\n\t\t\t\t<div class=\"elementor-widget-container\">\n\t\t\t\t\t\t\t<div class=\"elementor-counter\">\n\t\t\t<div class=\"elementor-counter-title\">Odli\u010dan broj<\/div>\t\t\t<div class=\"elementor-counter-number-wrapper\">\n\t\t\t\t<span class=\"elementor-counter-number-prefix\"><\/span>\n\t\t\t\t<span class=\"elementor-counter-number\" data-duration=\"2000\" data-to-value=\"100\" data-from-value=\"0\" data-delimiter=\",\">0<\/span>\n\t\t\t\t<span class=\"elementor-counter-number-suffix\"><\/span>\n\t\t\t<\/div>\n\t\t<\/div>\n\t\t\t\t\t\t<\/div>\n\t\t\t\t<\/div>\n\t\t\t\t\t<\/div>\n\t\t<\/div>\n\t\t\t\t<div class=\"elementor-column elementor-col-25 elementor-top-column elementor-element elementor-element-5012e898\" data-id=\"5012e898\" data-element_type=\"column\" data-e-type=\"column\">\n\t\t\t<div class=\"elementor-widget-wrap elementor-element-populated\">\n\t\t\t\t\t\t<div class=\"elementor-element elementor-element-9a67e6f elementor-widget elementor-widget-counter\" data-id=\"9a67e6f\" data-element_type=\"widget\" data-e-type=\"widget\" data-widget_type=\"counter.default\">\n\t\t\t\t<div class=\"elementor-widget-container\">\n\t\t\t\t\t\t\t<div class=\"elementor-counter\">\n\t\t\t<div class=\"elementor-counter-title\">Odli\u010dan broj<\/div>\t\t\t<div class=\"elementor-counter-number-wrapper\">\n\t\t\t\t<span class=\"elementor-counter-number-prefix\"><\/span>\n\t\t\t\t<span class=\"elementor-counter-number\" data-duration=\"2000\" data-to-value=\"100\" data-from-value=\"0\" data-delimiter=\",\">0<\/span>\n\t\t\t\t<span class=\"elementor-counter-number-suffix\"><\/span>\n\t\t\t<\/div>\n\t\t<\/div>\n\t\t\t\t\t\t<\/div>\n\t\t\t\t<\/div>\n\t\t\t\t\t<\/div>\n\t\t<\/div>\n\t\t\t\t\t<\/div>\n\t\t<\/section>\n\t\t\t\t<section class=\"elementor-section elementor-top-section elementor-element elementor-element-00bedc0 elementor-section-boxed elementor-section-height-default elementor-section-height-default parallax_section_no qode_elementor_container_no\" data-id=\"00bedc0\" data-element_type=\"section\" data-e-type=\"section\">\n\t\t\t\t\t\t<div class=\"elementor-container elementor-column-gap-default\">\n\t\t\t\t\t<div class=\"elementor-column elementor-col-100 elementor-top-column elementor-element elementor-element-bfd52e8\" data-id=\"bfd52e8\" data-element_type=\"column\" data-e-type=\"column\">\n\t\t\t<div class=\"elementor-widget-wrap elementor-element-populated\">\n\t\t\t\t\t\t<div class=\"elementor-element elementor-element-b31f6e9 elementor-widget elementor-widget-heading\" data-id=\"b31f6e9\" data-element_type=\"widget\" data-e-type=\"widget\" data-widget_type=\"heading.default\">\n\t\t\t\t<div class=\"elementor-widget-container\">\n\t\t\t\t\t<h2 class=\"elementor-heading-title elementor-size-default\">NA\u010cELA POSLOVANJA<\/h2>\t\t\t\t<\/div>\n\t\t\t\t<\/div>\n\t\t\t\t<div class=\"elementor-element elementor-element-002c2ce elementor-widget elementor-widget-text-editor\" data-id=\"002c2ce\" data-element_type=\"widget\" data-e-type=\"widget\" data-widget_type=\"text-editor.default\">\n\t\t\t\t<div class=\"elementor-widget-container\">\n\t\t\t\t\t\t\t\t\t<p>GiP \u0160ARI\u0106 d.o.o. je tvrtka \u010dija djelatnost obuhva\u0107a projektiranje, nadzor i konzalting u geodeziji i graditeljstvu. Na\u0161i projekti i elaborati, kao i sve na\u0161e poslovne aktivnosti, bazirani su na slijede\u0107im na\u010delima:<\/p><p>\u00a0<\/p><ul><li>stalna pobolj\u0161anja u sustavu upravljanja okoli\u0161em prevencija one\u010di\u0161\u0107enja<\/li><li>uskla\u0111enost s primjenljivim zakonskim propisima i ostalim zahtjevima<\/li><li>uskla\u0111enost s Direktivama EU i dobrom praksom za\u0161tite okoli\u0161a i prirode u zemljama EU<\/li><\/ul>\t\t\t\t\t\t\t\t<\/div>\n\t\t\t\t<\/div>\n\t\t\t\t\t<\/div>\n\t\t<\/div>\n\t\t\t\t\t<\/div>\n\t\t<\/section>\n\t\t\t\t<section class=\"elementor-section elementor-top-section elementor-element elementor-element-5e2121f elementor-section-boxed elementor-section-height-default elementor-section-height-default parallax_section_no qode_elementor_container_no\" data-id=\"5e2121f\" data-element_type=\"section\" data-e-type=\"section\">\n\t\t\t\t\t\t<div class=\"elementor-container elementor-column-gap-default\">\n\t\t\t\t\t<div class=\"elementor-column elementor-col-100 elementor-top-column elementor-element elementor-element-47b70c1\" data-id=\"47b70c1\" data-element_type=\"column\" data-e-type=\"column\">\n\t\t\t<div class=\"elementor-widget-wrap elementor-element-populated\">\n\t\t\t\t\t\t<div class=\"elementor-element elementor-element-3646585 elementor-widget elementor-widget-heading\" data-id=\"3646585\" data-element_type=\"widget\" data-e-type=\"widget\" data-widget_type=\"heading.default\">\n\t\t\t\t<div class=\"elementor-widget-container\">\n\t\t\t\t\t<h2 class=\"elementor-heading-title elementor-size-default\">PRISTUP POSLOVANJU<\/h2>\t\t\t\t<\/div>\n\t\t\t\t<\/div>\n\t\t\t\t<div class=\"elementor-element elementor-element-d4c8ed4 elementor-widget elementor-widget-text-editor\" data-id=\"d4c8ed4\" data-element_type=\"widget\" data-e-type=\"widget\" data-widget_type=\"text-editor.default\">\n\t\t\t\t<div class=\"elementor-widget-container\">\n\t\t\t\t\t\t\t\t\t<p>Na\u0161 pristup poslovanju uklju\u010duje za\u0161titu okoli\u0161a u na\u0161e svakodnevne i strate\u0161ke aktivnosti u cilju stalnog smanjenja direktnih i indirektnih utjecaja na okoli\u0161 na\u0161ih aktivnosti i usluga.<\/p><p>\u00a0<\/p><p><strong> Na\u0161a du\u017enost je:<\/strong><\/p><p>\u00a0<\/p><ul><li>izra\u0111ivati na\u0161e projekte i elaborate uskla\u0111ene sa svim relevantnim zakonskim zahtjevima RH i direktivama EU<\/li><li>odvojeno sakupljati otpad od na\u0161ih aktivnosti, a \u010dija se vrijedna svojstva mogu iskoristiti<\/li><li>razmatrati za\u0161titu okoli\u0161a kod dono\u0161enja svih poslovnih odluka<\/li><li>poticati dobavlja\u010de u za\u0161titi okoli\u0161a kroz kriterije \u201czelene nabave\u201d<\/li><\/ul>\t\t\t\t\t\t\t\t<\/div>\n\t\t\t\t<\/div>\n\t\t\t\t\t<\/div>\n\t\t<\/div>\n\t\t\t\t\t<\/div>\n\t\t<\/section>\n\t\t\t\t<\/div>\n\t\t","protected":false},"excerpt":{"rendered":"<p>o nama gip \u0161ari\u0107 Tvrtka GiP \u0160ARI\u0106 d.o.o. bavi se geodezijom i gra\u0111evinarstvom. Profesionalno i savjesno radimo prikupljanje, obrada i prikazivanje podataka geodetskim metodama, izrada svih vrsta (arhitektonski, gra\u0111evinski, elektroinstalaterski, strojarski i drugi) i razina (idejni glavni, izvedbeni) projekata, stru\u010dni i projektantski nadzor nad gradnjom,&#8230;<\/p>\n","protected":false},"author":1,"featured_media":0,"parent":0,"menu_order":0,"comment_status":"closed","ping_status":"closed","template":"full_width.php","meta":{"footnotes":""},"class_list":["post-153","page","type-page","status-publish","hentry"],"_links":{"self":[{"href":"https:\/\/saric.com.hr\/index.php?rest_route=\/wp\/v2\/pages\/153","targetHints":{"allow":["GET"]}}],"collection":[{"href":"https:\/\/saric.com.hr\/index.php?rest_route=\/wp\/v2\/pages"}],"about":[{"href":"https:\/\/saric.com.hr\/index.php?rest_route=\/wp\/v2\/types\/page"}],"author":[{"embeddable":true,"href":"https:\/\/saric.com.hr\/index.php?rest_route=\/wp\/v2\/users\/1"}],"replies":[{"embeddable":true,"href":"https:\/\/saric.com.hr\/index.php?rest_route=%2Fwp%2Fv2%2Fcomments&post=153"}],"version-history":[{"count":11,"href":"https:\/\/saric.com.hr\/index.php?rest_route=\/wp\/v2\/pages\/153\/revisions"}],"predecessor-version":[{"id":15933,"href":"https:\/\/saric.com.hr\/index.php?rest_route=\/wp\/v2\/pages\/153\/revisions\/15933"}],"wp:attachment":[{"href":"https:\/\/saric.com.hr\/index.php?rest_route=%2Fwp%2Fv2%2Fmedia&parent=153"}],"curies":[{"name":"wp","href":"https:\/\/api.w.org\/{rel}","templated":true}]}}